{"id":12456,"date":"2015-01-21T17:04:53","date_gmt":"2015-01-21T17:04:53","guid":{"rendered":"https:\/\/fivochoa.com\/aviso-legal-2\/"},"modified":"2019-02-15T11:42:48","modified_gmt":"2019-02-15T11:42:48","slug":"aviso-legal","status":"publish","type":"page","link":"https:\/\/fivochoa.com\/en\/aviso-legal\/","title":{"rendered":"Aviso Legal"},"content":{"rendered":"<div class=\"fusion-fullwidth fullwidth-box fusion-builder-row-1 nonhundred-percent-fullwidth non-hundred-percent-height-scrolling\" style=\"--awb-background-position:left top;--awb-border-radius-top-left:0px;--awb-border-radius-top-right:0px;--awb-border-radius-bottom-right:0px;--awb-border-radius-bottom-left:0px;--awb-padding-top:20px;--awb-padding-right:0px;--awb-padding-bottom:20px;--awb-padding-left:0px;--awb-border-sizes-top:0px;--awb-border-sizes-bottom:0px;--awb-flex-wrap:wrap;\" ><div class=\"fusion-builder-row fusion-row\"><div class=\"fusion-layout-column fusion_builder_column fusion-builder-column-0 fusion_builder_column_1_1 1_1 fusion-one-full fusion-column-first fusion-column-last fusion-column-no-min-height\" style=\"--awb-bg-size:cover;--awb-margin-bottom:0px;\"><div class=\"fusion-column-wrapper fusion-flex-column-wrapper-legacy\"><div class=\"fusion-title title fusion-title-1 fusion-title-text fusion-title-size-three\"><h3 class=\"fusion-title-heading title-heading-left\" style=\"margin:0;\">Aviso Legal<\/h3><span class=\"awb-title-spacer\"><\/span><div class=\"title-sep-container\"><div class=\"title-sep sep-single sep-solid\" style=\"border-color:#e0dede;\"><\/div><\/div><\/div><div class=\"fusion-text fusion-text-1\"><p class=\"subtitu\" style=\"text-align: justify;\" align=\"left\"><strong>INFORMACI\u00d3N GENERAL<\/strong><\/p>\n<p style=\"text-align: justify;\"><span class=\"texto\">Para dar cumplimiento con lo establecido en la Ley 34\/2002, de 11 de julio, de servicios de la sociedad de la informaci\u00f3n y de comercio electr\u00f3nico, a continuaci\u00f3n se indican los datos de informaci\u00f3n general de este sitio Web:<\/span><\/p>\n<p class=\"texto1\" style=\"text-align: justify;\">* Titular: <strong>CENTRO CLINICO OCHOA, S.L.<\/strong><br \/>\n* Direcci\u00f3n: Av. Severo Ochoa, s\/n, Edificio Mayoral, Marbella (M\u00e1laga)<br \/>\n* Contacto: 952861400 &#8211; <a href=\"mailto:info@clinicaochoa.com\">info@clinicaochoa.com<\/a><br \/>\n* Inscrita en el registro mercantil de Malaga, Tomo 1940, Hoja n\u00ba27249 y con CIF: B-29819059<br \/>\n* Inscrita con el n\u00famero CS 8074 de registro sanitario concedido por la Consejer\u00eda de Sanidad de la Comunidad de Madrid para ejercer como centro sanitario.<\/p>\n<p class=\"texto1\" style=\"text-align: justify;\"><strong>Cl\u00ednica Ochoa<\/strong> est\u00e1 relacionada con sociedades que prestan diversos servicios en sus instalaciones, son las siguientes:<\/p>\n<p class=\"texto1\" style=\"text-align: justify;\">&#8211; Cl\u00ednica Ochoa, S.L., con CIF B-29819059<br \/>\n&#8211; Dermoestetica Ochoa S.L., con CIF n\u00ba B-92934728<br \/>\n&#8211; Club Amigos de Ochoa S.L., con CIF n\u00ba B-92504489<\/p>\n<p style=\"text-align: justify;\"><span class=\"texto\">Todas ellas con domicilio social en c\/Llanos de San Ram\u00f3n, Edf. Mayoral s\/n, 29603 M\u00e1laga.<\/span><\/p>\n<p class=\"texto1\" style=\"text-align: justify;\">El presente sitio Web ha sido dise\u00f1ado para dar a conocer y permitir el acceso de todos los Usuarios a la informaci\u00f3n, actividades y servicios, presentados por <strong>C. C. OCHOA, S.L.<\/strong><br \/>\nTodas estas informaciones, actividades y servicios ser\u00e1n referidos de manera conjunta dentro de este documento como los Contenidos.<\/p>\n<p class=\"subtitu\" style=\"text-align: justify;\"><strong>USO DE LA P\u00c1GINA WEB, SUS SERVICIOS Y CONTENIDOS<\/strong><\/p>\n<p class=\"texto1\" style=\"text-align: justify;\">Este Website ha sido creado por <strong>C. C. OCHOA S.L.<\/strong> (\u201cCLINICA OCHOA\u201d), con car\u00e1cter informativo y para uso personal.<\/p>\n<p class=\"texto1\" style=\"text-align: justify;\">El hecho de acceder a este Website implica el conocimiento y aceptaci\u00f3n de los siguientes t\u00e9rminos y condiciones:<\/p>\n<p class=\"texto1\" style=\"text-align: justify;\">1. El acceso a este Website es responsabilidad exclusiva de los usuarios.<br \/>\n2. El acceso a este Website no supone entablar ning\u00fan tipo de relaci\u00f3n de car\u00e1cter comercial entre<strong>CLINICA OCHOA<\/strong> y el usuario.<br \/>\n3. El acceso y navegaci\u00f3n en este Website supone aceptar y conocer las advertencias legales, condiciones y t\u00e9rminos de uso contenidas en \u00e9l.<\/p>\n<p class=\"texto1\" style=\"text-align: justify;\">El acceso a esta p\u00e1gina Web atribuye a quien lo realice la condici\u00f3n de &#8220;usuario&#8221;. Por el mero hecho de utilizar esta p\u00e1gina Web, el usuario acepta plenamente los t\u00e9rminos y condiciones aqu\u00ed establecidos y se compromete a hacerlo de conformidad con la ley y respetando las dem\u00e1s instrucciones de uso contenidas en \u00e9sta p\u00e1gina Web, as\u00ed como las Condiciones Generales.<\/p>\n<p class=\"texto1\" style=\"text-align: justify;\">El usuario declara bajo su responsabilidad ser mayor de edad y tener capacidad legal para operar en la p\u00e1gina Web. Se compromete a ser el responsable de todo cuanto realice en este lugar. Declara igualmente que toda la informaci\u00f3n que facilita es verdadera y exacta, sin limitaciones, reservas o falsedades. El uso excesivo o abusivo de esta p\u00e1gina Web puede tener como consecuencia que se le deniegue el acceso a los servicios contenidos en la misma. Se proh\u00edbe:<\/p>\n<p style=\"text-align: justify;\"><span class=\"texto\">1. Su reproducci\u00f3n, distribuci\u00f3n o modificaci\u00f3n, a menos que se cuente con la autorizaci\u00f3n de sus leg\u00edtimos titulares o resulte legalmente permitido.<br \/>\n<span class=\"texto\">2. Cualquier vulneraci\u00f3n de los derechos de <strong>CLINICA OCHOA<\/strong><span class=\"texto\"> o de sus leg\u00edtimos titulares sobre los mismos.<br \/>\n<span class=\"texto\">3. Su utilizaci\u00f3n para todo tipo de fines comerciales o publicitarios, distintos de los estrictamente permitidos.<br \/>\n<span class=\"texto\">4. Cualquier intento de obtener los contenidos del Web por cualquier medio distinto de los que se pongan a disposici\u00f3n de los usuarios as\u00ed como de los que habitualmente se empleen en la red, siempre que no causen perjuicio alguno al Web de <strong>CLINICA OCHOA<\/strong><span class=\"texto\">.<\/span><\/span><\/span><\/span><\/span><\/span><\/p>\n<p style=\"text-align: justify;\">Dicha responsabilidad se extiende al registro que fuese necesario para acceder a determinados servicios o contenidos. En dicho registro el USUARIO ser\u00e1 responsable de aportar informaci\u00f3n veraz y l\u00edcita. Como consecuencia de este registro, al USUARIO se le puede proporcionar una contrase\u00f1a de la que ser\u00e1 responsable, comprometi\u00e9ndose a hacer un uso diligente y confidencial de la misma. El USUARIO se compromete a hacer un uso adecuado de los contenidos y servicios (como por ejemplo servicios de chat, foros de discusi\u00f3n o grupos de noticias) que <strong>CLINICA OCHOA<\/strong> pudiere ofertar a trav\u00e9s de su Sitio Web y con car\u00e1cter enunciativo pero no limitativo, a no emplearlos para (i) incurrir en actividades il\u00edcitas, ilegales o contrarias a la buena fe y al orden p\u00fablico; (ii) difundir contenidos o propaganda de car\u00e1cter racista, xen\u00f3fobo, pornogr\u00e1fico-ilegal, de apolog\u00eda del terrorismo o atentatorio contra los derechos humanos; (iii) provocar da\u00f1os en los sistemas f\u00edsicos y l\u00f3gicos de<strong>CLINICA OCHOA<\/strong>, de sus proveedores o de terceras personas, introducir o difundir en la red virus inform\u00e1ticos o cualesquiera otros sistemas f\u00edsicos o l\u00f3gicos que sean susceptibles de provocar los da\u00f1os anteriormente mencionados; (iv) intentar acceder y, en su caso, utilizar las cuentas de correo electr\u00f3nico de otros usuarios y modificar o manipular sus mensajes. <strong>CLINICA OCHOA<\/strong> se reserva el derecho de retirar todos aquellos comentarios y aportaciones que vulneren el respeto a la dignidad de la persona, que sean discriminatorios, xen\u00f3fobos, racistas, pornogr\u00e1ficos, que atenten contra la juventud o la infancia, el orden o la seguridad p\u00fablica o que, a su juicio, no resultaran adecuados para su publicaci\u00f3n. En cualquier caso, <strong>CLINICA OCHOA<\/strong> no ser\u00e1 responsable de las opiniones vertidas por los usuarios a trav\u00e9s de los foros, chats, u otras herramientas de participaci\u00f3n.<\/p>\n<p class=\"subtitu\" style=\"text-align: justify;\"><strong>MODIFICACI\u00d3N UNILATERAL<\/strong><\/p>\n<p class=\"texto1\" style=\"text-align: justify;\"><strong>CLINICA OCHOA<\/strong>, siempre que lo considere oportuno, podr\u00e1 modificar unilateralmente y sin previo aviso la estructura y dise\u00f1o de la p\u00e1gina Web, as\u00ed como a\u00f1adir, modificar o eliminar, sus servicios, contenidos y condiciones de acceso y\/o utilizaci\u00f3n.<\/p>\n<p class=\"subtitu\" style=\"text-align: justify;\"><strong>POL\u00cdTICA DE PRIVACIDAD Y REGISTRO DE USUARIOS DEL WEB<\/strong><\/p>\n<p class=\"texto1\" style=\"text-align: justify;\">El acceso, uso de determinados servicios y aplicaciones ofrecidas en el Web requiere del registro previo del usuario a trav\u00e9s de un formulario de registro. Los datos aportados por los usuarios en dicho formulario se incorporar\u00e1n a un fichero automatizado cuyo responsable y titular es <strong>CLINICA OCHOA<\/strong>con B &#8211; 29819059 y domicilio en Av. Severo Ochoa, s\/n, Edificio Mayoral \u2013 29600 Marbella (M\u00e1laga) y cuyo tratamiento estar\u00e1 sujeto a la Ley Org\u00e1nica 15\/1999, de 13 de diciembre, de Protecci\u00f3n de Datos de car\u00e1cter Personal, y su normativa de desarrollo.<\/p>\n<p class=\"texto1\" style=\"text-align: justify;\">En cada uno de los formularios en los que se recaben datos de car\u00e1cter personal, el usuario recibir\u00e1 del responsable del fichero informaci\u00f3n detallada sobre el tratamiento, su finalidad, el uso de sus datos, el car\u00e1cter obligatorio o facultativo de sus respuestas, efectos derivados de no facilitarlos y, en general, de todas las menciones requeridas por la legislaci\u00f3n aplicable en materia de protecci\u00f3n de datos de car\u00e1cter personal.<\/p>\n<p class=\"texto1\" style=\"text-align: justify;\"><strong>CLINICA OCHOA<\/strong> cumple con las directrices de la Ley Org\u00e1nica 15\/1999 de 13 de diciembre de Protecci\u00f3n de Datos de Car\u00e1cter Personal, el Real Decreto 1.720\/2007, de 21 de diciembre, por el que se aprueba el Reglamento de desarrollo de la Ley Org\u00e1nica y dem\u00e1s normativa vigente en cada momento, y vela por garantizar un correcto uso y tratamiento de los datos personales del usuario. Para ello, junto a cada formulario donde se recaben datos de car\u00e1cter personal, en los servicios que el USUARIO pueda solicitar a <strong>CLINICA OCHOA<\/strong>, har\u00e1 saber al USUARIO de la existencia y aceptaci\u00f3n de las condiciones particulares del tratamiento de sus datos en cada caso, inform\u00e1ndole de la responsabilidad del fichero creado, la direcci\u00f3n del responsable, la posibilidad de ejercer sus derechos de acceso, rectificaci\u00f3n, cancelaci\u00f3n u oposici\u00f3n, la finalidad del tratamiento, de las comunicaciones de datos a terceros, en su caso. Igualmente, sobre el car\u00e1cter obligatorio o facultativo de sus respuestas, efectos derivados de no facilitarlos y, en general, de todas las menciones requeridas por la legislaci\u00f3n aplicable en materia de protecci\u00f3n de datos de car\u00e1cter personal. Asimismo, <strong>CLINICA OCHOA<\/strong> informa que da cumplimiento a la Ley 34\/2002 de 11 de julio, de Servicios de la Sociedad de la Informaci\u00f3n y el Comercio Electr\u00f3nico y le solicitar\u00e1 su consentimiento al tratamiento de su correo electr\u00f3nico con fines comerciales en cada momento.<\/p>\n<p class=\"subtitu\" style=\"text-align: justify;\"><strong>DURACI\u00d3N<\/strong><\/p>\n<p class=\"texto1\" style=\"text-align: justify;\">La duraci\u00f3n de la prestaci\u00f3n del servicio del Web y de los servicios es de car\u00e1cter indefinido. Sin perjuicio de lo anterior, <strong>CLINICA OCHOA<\/strong> se reserva el derecho para, interrumpir, suspender o terminar la prestaci\u00f3n del servicio del Web o de cualquiera de los servicios que lo integran.<\/p>\n<p class=\"subtitu\" style=\"text-align: justify;\"><strong>PROPIEDAD INTELECTUAL<\/strong><\/p>\n<p class=\"texto1\" style=\"text-align: justify;\"><strong>CLINICA OCHOA<\/strong> es titular, de forma directa o indirecta, de todos los derechos de propiedad intelectual o derechos comparables en cuanto a estas p\u00e1ginas se refiere, tanto de los Contenidos de las p\u00e1ginas Web, como de los textos, dise\u00f1o gr\u00e1fico y c\u00f3digos u otros elementos de cualquier \u00edndole que los integren.<\/p>\n<p class=\"texto1\" style=\"text-align: justify;\">El Usuario puede visualizar todos los Contenidos, imprimirlos, copiarlos y almacenarlos en el disco duro de su ordenador o en cualquier otro soporte f\u00edsico, siempre y cuando sea, \u00fanica y exclusivamente, para su uso personal y privado, quedando, por tanto, terminantemente prohibida su utilizaci\u00f3n con fines comerciales, su distribuci\u00f3n, as\u00ed como su modificaci\u00f3n, alteraci\u00f3n o descompilaci\u00f3n.<\/p>\n<p class=\"texto1\" style=\"text-align: justify;\">Por ello, la copia, reproducci\u00f3n, distribuci\u00f3n, comunicaci\u00f3n p\u00fablica y transformaci\u00f3n de los mismos deber\u00e1 ser autorizada previa y expresamente por escrito por <strong>CLINICA OCHOA. <\/strong>El USUARIO deber\u00e1 abstenerse de suprimir, alterar, eludir o manipular cualquier dispositivo de protecci\u00f3n o sistema de seguridad que estuviera instalado en las p\u00e1ginas de <strong>CLINICA OCHOA<\/strong>.<\/p>\n<p class=\"texto1\" style=\"text-align: justify;\"><strong>CLINICA OCHOA<\/strong> autoriza referencias a sus Contenidos en otras p\u00e1ginas Web, \u00fanicamente cuando no los reproduzcan. En el caso de disponer de un enlace hipertexto a alguna de sus p\u00e1ginas, el Usuario debe saber que est\u00e1 entrando en la Web de <strong>CLINICA OCHOA<\/strong> y debe percibir en su navegador su direcci\u00f3n URL.<\/p>\n<p class=\"subtitu\" style=\"text-align: justify;\"><strong>PROPIEDAD INDUSTRIAL<\/strong><\/p>\n<p class=\"texto1\" style=\"text-align: justify;\">Las marcas, nombres comerciales, signos distintivos de cualquier clase y nombres de dominio contenidos en las p\u00e1ginas Web de <strong>CLINICA OCHOA<\/strong> est\u00e1n registrados por esta Entidad y protegidos por ley.<\/p>\n<p class=\"texto1\" style=\"text-align: justify;\">Los signos distintivos y nombres de dominio que aparecen en estas p\u00e1ginas Web utilizadas para identificar a otros proveedores de bienes o servicios, pertenecen a sus respectivos propietarios.<\/p>\n<p class=\"texto1\" style=\"text-align: justify;\">Nada de lo contenido en estas p\u00e1ginas Web ser\u00e1 interpretado como renuncia o cesi\u00f3n a los derechos que corresponden a <strong>CLINICA OCHOA<\/strong> derivados de la propiedad intelectual o industrial o de derechos comparables sobre los bienes que sus respectivas normas regulan.<\/p>\n<p class=\"subtitu\" style=\"text-align: justify;\"><strong>RESPONSABILIDADES<\/strong><\/p>\n<p class=\"texto1\" style=\"text-align: justify;\"><strong>CLINICA OCHOA<\/strong> no ser\u00e1 responsable de los da\u00f1os y perjuicios que pudieran derivarse de la utilizaci\u00f3n de versiones de navegadores no actualizadas, del mal funcionamiento del navegador, ya sea por configuraci\u00f3n inadecuada, presencia de virus inform\u00e1ticos o cualquier otra causa ajena a <strong>CLINICA OCHOA.<\/strong><\/p>\n<p class=\"texto1\" style=\"text-align: justify;\">El Usuario se compromete a hacer un uso adecuado de los Contenidos y a no emplearlos para incurrir en actividades il\u00edcitas o contrarias a la buena fe y al ordenamiento legal, provocar da\u00f1os en los sistemas f\u00edsicos y l\u00f3gicos de <strong>CLINICA OCHOA<\/strong>, de sus proveedores o de terceras personas, introducir o difundir en la red virus inform\u00e1ticos o cualesquiera otros sistemas f\u00edsicos o l\u00f3gicos que sean susceptibles de provocar los da\u00f1os anteriormente mencionados.<\/p>\n<p class=\"texto1\" style=\"text-align: justify;\">El acceso y uso de la informaci\u00f3n contenida en las p\u00e1ginas Web de <strong>CLINICA OCHOA<\/strong>, es responsabilidad exclusiva de la persona que acceda a ella o la utilice, no siendo <strong>CLINICA OCHOA<\/strong>, responsable de los posibles da\u00f1os y perjuicios que pudieren derivarse tanto del uso que pudiera hacerse de dicha informaci\u00f3n como de la transmisi\u00f3n o intercambio de informaci\u00f3n entre Usuarios a trav\u00e9s de sus p\u00e1ginas Web.<\/p>\n<p class=\"subtitu\" style=\"text-align: justify;\"><strong>ACCESO Y USO<\/strong><\/p>\n<p class=\"texto1\" style=\"text-align: justify;\">Con car\u00e1cter general, los Usuarios podr\u00e1n acceder al sitio Web de forma libre y gratuita.<\/p>\n<p class=\"texto1\" style=\"text-align: justify;\">No obstante, <strong>CLINICA OCHOA<\/strong>, se reserva, conforme a la legislaci\u00f3n vigente, el derecho de limitar total o parcialmente, suspender o cancelar el acceso a sus p\u00e1ginas Web en cualquier momento, de forma total o parcial.<\/p>\n<p style=\"text-align: justify;\"><strong>CLINICA OCHOA<\/strong> se reserva el derecho a denegar o retirar el acceso a su Sitio Web y\/o los servicios ofrecidos sin necesidad de preaviso, a instancia propia o de un tercero, a aquellos usuarios que incumplan las presentes Condiciones Generales de Uso.<\/p>\n<p class=\"texto1\" style=\"text-align: justify;\">En consecuencia, <strong>CLINICA OCHOA<\/strong>, no garantiza la fiabilidad, la disponibilidad, ni la continuidad de su sitio Web, ni de sus Contenidos, por lo que la utilizaci\u00f3n de los mismos por parte del Usuario se lleva a cabo por su propia cuenta y riesgo, sin que, en ning\u00fan momento, puedan exigirse responsabilidades a<strong>CLINICA OCHOA<\/strong>, en este sentido.<\/p>\n<p class=\"subtitu\" style=\"text-align: justify;\"><strong>JURISDICCI\u00d3N<\/strong><\/p>\n<p class=\"texto1\" style=\"text-align: justify;\">Las relaciones que <strong>CLINICA OCHOA<\/strong>, mantenga con los Usuarios de su Web, derivadas de la informaci\u00f3n facilitada en estas p\u00e1ginas Web, quedan sometidas a la legislaci\u00f3n espa\u00f1ola, con renuncia expresa a fuero propio si lo tuviesen, y se someten a los Juzgados y Tribunales del domicilio del usuario.<\/p>\n<p class=\"texto1\" style=\"text-align: justify;\"><strong>CLINICA OCHOA<\/strong> perseguir\u00e1 el incumplimiento de las presentes condiciones as\u00ed como cualquier utilizaci\u00f3n indebida de su Sitio Web ejerciendo todas las acciones civiles y penales que le puedan corresponder en derecho.<\/p>\n<\/div><div class=\"fusion-clearfix\"><\/div><\/div><\/div><\/div><\/div>\n","protected":false},"excerpt":{"rendered":"","protected":false},"author":3,"featured_media":0,"parent":0,"menu_order":0,"comment_status":"open","ping_status":"open","template":"","meta":{"_joinchat":[],"footnotes":""},"class_list":["post-12456","page","type-page","status-publish","hentry"],"yoast_head":"<!-- This site is optimized with the Yoast SEO plugin v27.1.1 - https:\/\/yoast.com\/product\/yoast-seo-wordpress\/ -->\n<title>Aviso legal - FIV Ochoa<\/title>\n<meta name=\"description\" content=\"El Hospital Cl\u00ednica Ochoa renueva la Unidad de Reproducci\u00f3n asistida para ayudarte. Ahora, la primera visita es gratuita, inf\u00f3rmate sin compromiso.\" \/>\n<meta name=\"robots\" content=\"noindex, nofollow\" \/>\n<meta property=\"og:locale\" content=\"en_US\" \/>\n<meta property=\"og:type\" content=\"article\" \/>\n<meta property=\"og:title\" content=\"Aviso legal - FIV Ochoa\" \/>\n<meta property=\"og:description\" content=\"El Hospital Cl\u00ednica Ochoa renueva la Unidad de Reproducci\u00f3n asistida para ayudarte. Ahora, la primera visita es gratuita, inf\u00f3rmate sin compromiso.\" \/>\n<meta property=\"og:url\" content=\"https:\/\/fivochoa.com\/en\/aviso-legal\/\" \/>\n<meta property=\"og:site_name\" content=\"FIV Ochoa\" \/>\n<meta property=\"article:modified_time\" content=\"2019-02-15T11:42:48+00:00\" \/>\n<meta name=\"twitter:label1\" content=\"Est. reading time\" \/>\n\t<meta name=\"twitter:data1\" content=\"12 minutes\" \/>\n<script type=\"application\/ld+json\" class=\"yoast-schema-graph\">{\"@context\":\"https:\/\/schema.org\",\"@graph\":[{\"@type\":\"WebPage\",\"@id\":\"https:\/\/fivochoa.com\/en\/aviso-legal\/\",\"url\":\"https:\/\/fivochoa.com\/en\/aviso-legal\/\",\"name\":\"Aviso legal - FIV Ochoa\",\"isPartOf\":{\"@id\":\"https:\/\/fivochoa.com\/#website\"},\"datePublished\":\"2015-01-21T17:04:53+00:00\",\"dateModified\":\"2019-02-15T11:42:48+00:00\",\"description\":\"El Hospital Cl\u00ednica Ochoa renueva la Unidad de Reproducci\u00f3n asistida para ayudarte. Ahora, la primera visita es gratuita, inf\u00f3rmate sin compromiso.\",\"breadcrumb\":{\"@id\":\"https:\/\/fivochoa.com\/en\/aviso-legal\/#breadcrumb\"},\"inLanguage\":\"en-US\",\"potentialAction\":[{\"@type\":\"ReadAction\",\"target\":[\"https:\/\/fivochoa.com\/en\/aviso-legal\/\"]}]},{\"@type\":\"BreadcrumbList\",\"@id\":\"https:\/\/fivochoa.com\/en\/aviso-legal\/#breadcrumb\",\"itemListElement\":[{\"@type\":\"ListItem\",\"position\":1,\"name\":\"Portada\",\"item\":\"https:\/\/fivochoa.com\/en\/\"},{\"@type\":\"ListItem\",\"position\":2,\"name\":\"Aviso Legal\"}]},{\"@type\":\"WebSite\",\"@id\":\"https:\/\/fivochoa.com\/#website\",\"url\":\"https:\/\/fivochoa.com\/\",\"name\":\"FIV Ochoa\",\"description\":\"Fecundaci\u00f3n In Vitro Marbella\",\"publisher\":{\"@id\":\"https:\/\/fivochoa.com\/#organization\"},\"potentialAction\":[{\"@type\":\"SearchAction\",\"target\":{\"@type\":\"EntryPoint\",\"urlTemplate\":\"https:\/\/fivochoa.com\/?s={search_term_string}\"},\"query-input\":{\"@type\":\"PropertyValueSpecification\",\"valueRequired\":true,\"valueName\":\"search_term_string\"}}],\"inLanguage\":\"en-US\"},{\"@type\":\"Organization\",\"@id\":\"https:\/\/fivochoa.com\/#organization\",\"name\":\"FIV Ochoa\",\"url\":\"https:\/\/fivochoa.com\/\",\"logo\":{\"@type\":\"ImageObject\",\"inLanguage\":\"en-US\",\"@id\":\"https:\/\/fivochoa.com\/#\/schema\/logo\/image\/\",\"url\":\"https:\/\/fivochoa.com\/wp-content\/uploads\/2019\/04\/FIV-Ochoa-Logotipo-Imagen-Destacada.jpg\",\"contentUrl\":\"https:\/\/fivochoa.com\/wp-content\/uploads\/2019\/04\/FIV-Ochoa-Logotipo-Imagen-Destacada.jpg\",\"width\":266,\"height\":203,\"caption\":\"FIV Ochoa\"},\"image\":{\"@id\":\"https:\/\/fivochoa.com\/#\/schema\/logo\/image\/\"}}]}<\/script>\n<!-- \/ Yoast SEO plugin. -->","yoast_head_json":{"title":"Aviso legal - FIV Ochoa","description":"El Hospital Cl\u00ednica Ochoa renueva la Unidad de Reproducci\u00f3n asistida para ayudarte. Ahora, la primera visita es gratuita, inf\u00f3rmate sin compromiso.","robots":{"index":"noindex","follow":"nofollow"},"og_locale":"en_US","og_type":"article","og_title":"Aviso legal - FIV Ochoa","og_description":"El Hospital Cl\u00ednica Ochoa renueva la Unidad de Reproducci\u00f3n asistida para ayudarte. Ahora, la primera visita es gratuita, inf\u00f3rmate sin compromiso.","og_url":"https:\/\/fivochoa.com\/en\/aviso-legal\/","og_site_name":"FIV Ochoa","article_modified_time":"2019-02-15T11:42:48+00:00","twitter_misc":{"Est. reading time":"12 minutes"},"schema":{"@context":"https:\/\/schema.org","@graph":[{"@type":"WebPage","@id":"https:\/\/fivochoa.com\/en\/aviso-legal\/","url":"https:\/\/fivochoa.com\/en\/aviso-legal\/","name":"Aviso legal - FIV Ochoa","isPartOf":{"@id":"https:\/\/fivochoa.com\/#website"},"datePublished":"2015-01-21T17:04:53+00:00","dateModified":"2019-02-15T11:42:48+00:00","description":"El Hospital Cl\u00ednica Ochoa renueva la Unidad de Reproducci\u00f3n asistida para ayudarte. Ahora, la primera visita es gratuita, inf\u00f3rmate sin compromiso.","breadcrumb":{"@id":"https:\/\/fivochoa.com\/en\/aviso-legal\/#breadcrumb"},"inLanguage":"en-US","potentialAction":[{"@type":"ReadAction","target":["https:\/\/fivochoa.com\/en\/aviso-legal\/"]}]},{"@type":"BreadcrumbList","@id":"https:\/\/fivochoa.com\/en\/aviso-legal\/#breadcrumb","itemListElement":[{"@type":"ListItem","position":1,"name":"Portada","item":"https:\/\/fivochoa.com\/en\/"},{"@type":"ListItem","position":2,"name":"Aviso Legal"}]},{"@type":"WebSite","@id":"https:\/\/fivochoa.com\/#website","url":"https:\/\/fivochoa.com\/","name":"FIV Ochoa","description":"Fecundaci\u00f3n In Vitro Marbella","publisher":{"@id":"https:\/\/fivochoa.com\/#organization"},"potentialAction":[{"@type":"SearchAction","target":{"@type":"EntryPoint","urlTemplate":"https:\/\/fivochoa.com\/?s={search_term_string}"},"query-input":{"@type":"PropertyValueSpecification","valueRequired":true,"valueName":"search_term_string"}}],"inLanguage":"en-US"},{"@type":"Organization","@id":"https:\/\/fivochoa.com\/#organization","name":"FIV Ochoa","url":"https:\/\/fivochoa.com\/","logo":{"@type":"ImageObject","inLanguage":"en-US","@id":"https:\/\/fivochoa.com\/#\/schema\/logo\/image\/","url":"https:\/\/fivochoa.com\/wp-content\/uploads\/2019\/04\/FIV-Ochoa-Logotipo-Imagen-Destacada.jpg","contentUrl":"https:\/\/fivochoa.com\/wp-content\/uploads\/2019\/04\/FIV-Ochoa-Logotipo-Imagen-Destacada.jpg","width":266,"height":203,"caption":"FIV Ochoa"},"image":{"@id":"https:\/\/fivochoa.com\/#\/schema\/logo\/image\/"}}]}},"_links":{"self":[{"href":"https:\/\/fivochoa.com\/en\/wp-json\/wp\/v2\/pages\/12456","targetHints":{"allow":["GET"]}}],"collection":[{"href":"https:\/\/fivochoa.com\/en\/wp-json\/wp\/v2\/pages"}],"about":[{"href":"https:\/\/fivochoa.com\/en\/wp-json\/wp\/v2\/types\/page"}],"author":[{"embeddable":true,"href":"https:\/\/fivochoa.com\/en\/wp-json\/wp\/v2\/users\/3"}],"replies":[{"embeddable":true,"href":"https:\/\/fivochoa.com\/en\/wp-json\/wp\/v2\/comments?post=12456"}],"version-history":[{"count":0,"href":"https:\/\/fivochoa.com\/en\/wp-json\/wp\/v2\/pages\/12456\/revisions"}],"wp:attachment":[{"href":"https:\/\/fivochoa.com\/en\/wp-json\/wp\/v2\/media?parent=12456"}],"curies":[{"name":"wp","href":"https:\/\/api.w.org\/{rel}","templated":true}]}}